{"id":168,"date":"2025-02-20T18:48:11","date_gmt":"2025-02-20T18:48:11","guid":{"rendered":"https:\/\/opengeekslab.com.do\/?page_id=168"},"modified":"2025-03-19T00:26:12","modified_gmt":"2025-03-19T00:26:12","slug":"nosotros","status":"publish","type":"page","link":"https:\/\/opengeekslab.com.do\/?page_id=168","title":{"rendered":"Nosotros"},"content":{"rendered":"","protected":false},"excerpt":{"rendered":"","protected":false},"author":1,"featured_media":0,"parent":0,"menu_order":0,"comment_status":"closed","ping_status":"closed","template":"","meta":{"_joinchat":[],"footnotes":""},"class_list":["post-168","page","type-page","status-publish","hentry"],"yoast_head":"<!-- This site is optimized with the Yoast SEO plugin v24.7 - https:\/\/yoast.com\/wordpress\/plugins\/seo\/ -->\n<title>Nuestra trayectoria en facturaci\u00f3n electr\u00f3nica - Open Geeks Lab<\/title>\n<meta name=\"description\" content=\"Conoce la historia y el equipo de Open Geeks Lab, l\u00edderes en facturaci\u00f3n electr\u00f3nica y soluciones tecnol\u00f3gicas en RD.\" \/>\n<meta name=\"robots\" content=\"index, follow, max-snippet:-1, max-image-preview:large, max-video-preview:-1\" \/>\n<link rel=\"canonical\" href=\"https:\/\/opengeekslab.com.do\/?page_id=168\" \/>\n<meta property=\"og:locale\" content=\"es_ES\" \/>\n<meta property=\"og:type\" content=\"article\" \/>\n<meta property=\"og:title\" content=\"Nuestra trayectoria en facturaci\u00f3n electr\u00f3nica - Open Geeks Lab\" \/>\n<meta property=\"og:description\" content=\"Conoce la historia y el equipo de Open Geeks Lab, l\u00edderes en facturaci\u00f3n electr\u00f3nica y soluciones tecnol\u00f3gicas en RD.\" \/>\n<meta property=\"og:url\" content=\"https:\/\/opengeekslab.com.do\/?page_id=168\" \/>\n<meta property=\"og:site_name\" content=\"Open Geeks Lab\" \/>\n<meta property=\"article:publisher\" content=\"https:\/\/www.facebook.com\/opengeekslabrd\/\" \/>\n<meta property=\"article:modified_time\" content=\"2025-03-19T00:26:12+00:00\" \/>\n<meta property=\"og:image\" content=\"https:\/\/opengeekslab.com.do\/wp-content\/uploads\/2025\/02\/Portada-miniatura-web.jpg\" \/>\n\t<meta property=\"og:image:width\" content=\"922\" \/>\n\t<meta property=\"og:image:height\" content=\"692\" \/>\n\t<meta property=\"og:image:type\" content=\"image\/jpeg\" \/>\n<meta name=\"twitter:card\" content=\"summary_large_image\" \/>\n<script type=\"application\/ld+json\" class=\"yoast-schema-graph\">{\"@context\":\"https:\/\/schema.org\",\"@graph\":[{\"@type\":\"WebPage\",\"@id\":\"https:\/\/opengeekslab.com.do\/?page_id=168\",\"url\":\"https:\/\/opengeekslab.com.do\/?page_id=168\",\"name\":\"Nuestra trayectoria en facturaci\u00f3n electr\u00f3nica - Open Geeks Lab\",\"isPartOf\":{\"@id\":\"https:\/\/opengeekslab.com.do\/#website\"},\"datePublished\":\"2025-02-20T18:48:11+00:00\",\"dateModified\":\"2025-03-19T00:26:12+00:00\",\"description\":\"Conoce la historia y el equipo de Open Geeks Lab, l\u00edderes en facturaci\u00f3n electr\u00f3nica y soluciones tecnol\u00f3gicas en RD.\",\"breadcrumb\":{\"@id\":\"https:\/\/opengeekslab.com.do\/?page_id=168#breadcrumb\"},\"inLanguage\":\"es-DO\",\"potentialAction\":[{\"@type\":\"ReadAction\",\"target\":[\"https:\/\/opengeekslab.com.do\/?page_id=168\"]}]},{\"@type\":\"BreadcrumbList\",\"@id\":\"https:\/\/opengeekslab.com.do\/?page_id=168#breadcrumb\",\"itemListElement\":[{\"@type\":\"ListItem\",\"position\":1,\"name\":\"Home\",\"item\":\"https:\/\/opengeekslab.com.do\/\"},{\"@type\":\"ListItem\",\"position\":2,\"name\":\"Nosotros\"}]},{\"@type\":\"WebSite\",\"@id\":\"https:\/\/opengeekslab.com.do\/#website\",\"url\":\"https:\/\/opengeekslab.com.do\/\",\"name\":\"Open Geeks Lab\",\"description\":\"Agencia Creativa Desarrollo de Software\",\"publisher\":{\"@id\":\"https:\/\/opengeekslab.com.do\/#organization\"},\"alternateName\":\"Open Geeks Lab\",\"potentialAction\":[{\"@type\":\"SearchAction\",\"target\":{\"@type\":\"EntryPoint\",\"urlTemplate\":\"https:\/\/opengeekslab.com.do\/?s={search_term_string}\"},\"query-input\":{\"@type\":\"PropertyValueSpecification\",\"valueRequired\":true,\"valueName\":\"search_term_string\"}}],\"inLanguage\":\"es-DO\"},{\"@type\":\"Organization\",\"@id\":\"https:\/\/opengeekslab.com.do\/#organization\",\"name\":\"Open Geeks Lab\",\"url\":\"https:\/\/opengeekslab.com.do\/\",\"logo\":{\"@type\":\"ImageObject\",\"inLanguage\":\"es-DO\",\"@id\":\"https:\/\/opengeekslab.com.do\/#\/schema\/logo\/image\/\",\"url\":\"https:\/\/opengeekslab.com.do\/wp-content\/uploads\/2025\/02\/LogoOpenGeeks.png\",\"contentUrl\":\"https:\/\/opengeekslab.com.do\/wp-content\/uploads\/2025\/02\/LogoOpenGeeks.png\",\"width\":100,\"height\":33,\"caption\":\"Open Geeks Lab\"},\"image\":{\"@id\":\"https:\/\/opengeekslab.com.do\/#\/schema\/logo\/image\/\"},\"sameAs\":[\"https:\/\/www.facebook.com\/opengeekslabrd\/\",\"https:\/\/www.instagram.com\/opengeekslabrd\/\",\"https:\/\/www.linkedin.com\/in\/open-geeks-lab-89b50b352\/\"]}]}<\/script>\n<!-- \/ Yoast SEO plugin. -->","yoast_head_json":{"title":"Nuestra trayectoria en facturaci\u00f3n electr\u00f3nica - Open Geeks Lab","description":"Conoce la historia y el equipo de Open Geeks Lab, l\u00edderes en facturaci\u00f3n electr\u00f3nica y soluciones tecnol\u00f3gicas en RD.","robots":{"index":"index","follow":"follow","max-snippet":"max-snippet:-1","max-image-preview":"max-image-preview:large","max-video-preview":"max-video-preview:-1"},"canonical":"https:\/\/opengeekslab.com.do\/?page_id=168","og_locale":"es_ES","og_type":"article","og_title":"Nuestra trayectoria en facturaci\u00f3n electr\u00f3nica - Open Geeks Lab","og_description":"Conoce la historia y el equipo de Open Geeks Lab, l\u00edderes en facturaci\u00f3n electr\u00f3nica y soluciones tecnol\u00f3gicas en RD.","og_url":"https:\/\/opengeekslab.com.do\/?page_id=168","og_site_name":"Open Geeks Lab","article_publisher":"https:\/\/www.facebook.com\/opengeekslabrd\/","article_modified_time":"2025-03-19T00:26:12+00:00","og_image":[{"width":922,"height":692,"url":"https:\/\/opengeekslab.com.do\/wp-content\/uploads\/2025\/02\/Portada-miniatura-web.jpg","type":"image\/jpeg"}],"twitter_card":"summary_large_image","schema":{"@context":"https:\/\/schema.org","@graph":[{"@type":"WebPage","@id":"https:\/\/opengeekslab.com.do\/?page_id=168","url":"https:\/\/opengeekslab.com.do\/?page_id=168","name":"Nuestra trayectoria en facturaci\u00f3n electr\u00f3nica - Open Geeks Lab","isPartOf":{"@id":"https:\/\/opengeekslab.com.do\/#website"},"datePublished":"2025-02-20T18:48:11+00:00","dateModified":"2025-03-19T00:26:12+00:00","description":"Conoce la historia y el equipo de Open Geeks Lab, l\u00edderes en facturaci\u00f3n electr\u00f3nica y soluciones tecnol\u00f3gicas en RD.","breadcrumb":{"@id":"https:\/\/opengeekslab.com.do\/?page_id=168#breadcrumb"},"inLanguage":"es-DO","potentialAction":[{"@type":"ReadAction","target":["https:\/\/opengeekslab.com.do\/?page_id=168"]}]},{"@type":"BreadcrumbList","@id":"https:\/\/opengeekslab.com.do\/?page_id=168#breadcrumb","itemListElement":[{"@type":"ListItem","position":1,"name":"Home","item":"https:\/\/opengeekslab.com.do\/"},{"@type":"ListItem","position":2,"name":"Nosotros"}]},{"@type":"WebSite","@id":"https:\/\/opengeekslab.com.do\/#website","url":"https:\/\/opengeekslab.com.do\/","name":"Open Geeks Lab","description":"Agencia Creativa Desarrollo de Software","publisher":{"@id":"https:\/\/opengeekslab.com.do\/#organization"},"alternateName":"Open Geeks Lab","potentialAction":[{"@type":"SearchAction","target":{"@type":"EntryPoint","urlTemplate":"https:\/\/opengeekslab.com.do\/?s={search_term_string}"},"query-input":{"@type":"PropertyValueSpecification","valueRequired":true,"valueName":"search_term_string"}}],"inLanguage":"es-DO"},{"@type":"Organization","@id":"https:\/\/opengeekslab.com.do\/#organization","name":"Open Geeks Lab","url":"https:\/\/opengeekslab.com.do\/","logo":{"@type":"ImageObject","inLanguage":"es-DO","@id":"https:\/\/opengeekslab.com.do\/#\/schema\/logo\/image\/","url":"https:\/\/opengeekslab.com.do\/wp-content\/uploads\/2025\/02\/LogoOpenGeeks.png","contentUrl":"https:\/\/opengeekslab.com.do\/wp-content\/uploads\/2025\/02\/LogoOpenGeeks.png","width":100,"height":33,"caption":"Open Geeks Lab"},"image":{"@id":"https:\/\/opengeekslab.com.do\/#\/schema\/logo\/image\/"},"sameAs":["https:\/\/www.facebook.com\/opengeekslabrd\/","https:\/\/www.instagram.com\/opengeekslabrd\/","https:\/\/www.linkedin.com\/in\/open-geeks-lab-89b50b352\/"]}]}},"_links":{"self":[{"href":"https:\/\/opengeekslab.com.do\/index.php?rest_route=\/wp\/v2\/pages\/168","targetHints":{"allow":["GET"]}}],"collection":[{"href":"https:\/\/opengeekslab.com.do\/index.php?rest_route=\/wp\/v2\/pages"}],"about":[{"href":"https:\/\/opengeekslab.com.do\/index.php?rest_route=\/wp\/v2\/types\/page"}],"author":[{"embeddable":true,"href":"https:\/\/opengeekslab.com.do\/index.php?rest_route=\/wp\/v2\/users\/1"}],"replies":[{"embeddable":true,"href":"https:\/\/opengeekslab.com.do\/index.php?rest_route=%2Fwp%2Fv2%2Fcomments&post=168"}],"version-history":[{"count":2,"href":"https:\/\/opengeekslab.com.do\/index.php?rest_route=\/wp\/v2\/pages\/168\/revisions"}],"predecessor-version":[{"id":173,"href":"https:\/\/opengeekslab.com.do\/index.php?rest_route=\/wp\/v2\/pages\/168\/revisions\/173"}],"wp:attachment":[{"href":"https:\/\/opengeekslab.com.do\/index.php?rest_route=%2Fwp%2Fv2%2Fmedia&parent=168"}],"curies":[{"name":"wp","href":"https:\/\/api.w.org\/{rel}","templated":true}]}}